{"id":2199,"date":"2024-03-07T16:43:16","date_gmt":"2024-03-07T16:43:16","guid":{"rendered":"https:\/\/villagarassino.com\/?post_type=product&#038;p=2199"},"modified":"2024-03-07T17:34:32","modified_gmt":"2024-03-07T17:34:32","slug":"barbaresco-2018-cascina-bordino-riserva-tenuta-carretta","status":"publish","type":"product","link":"https:\/\/villagarassino.com\/en\/product\/barbaresco-2018-cascina-bordino-riserva-tenuta-carretta\/","title":{"rendered":"Barbaresco 2018 \u2013 Cascina Bordino \u2013 Riserva &#8211; Tenuta Carretta"},"content":{"rendered":"<p>BARBARESCO RISERVA DOCG<\/p>\n<p>Le uve per la produzione del Barbaresco Riserva DOCG Cascina Bordino vengono raccolte negli omonimi appezzamenti di propriet\u00e0 situati sul versante orientale del Comune di Treiso. Sono appezzamenti tra i meglio esposti dell\u2019intero versante collinare, con forti pendenze e terreni di arenaria con inserzioni di marne siltose grigie, che rendono il suolo magro e compatto.<\/p>\n<p>I vigneti di Cascina Bordino possiedono pertanto una grande vocazione qualitativa, da cui derivano uve nebbiolo adatte<br \/>\na lunghe macerazioni. Ne deriva un vino che fa di intensit\u00e0 aromatica, eleganza e complessit\u00e0 i suoi caratteri distintivi,<br \/>\nun Barbaresco che racchiude ed esprime la lunga storia<br \/>\ne la passione dell\u2019azienda per i grandi vini a base nebbiolo.<\/p>\n<p>Vinificazione: la fermentazione, con macerazione a cappello sommerso, si protrae per 10-12 giorni alla temperatura di 28\u00b0C. Al termine il vino viene fatto affinare prima in tonneau di rovere e poi in botte grande per un minimo di 36 mesi.<br \/>\nSegue l\u2019imbottigliamento e il conseguente affinamento fino<br \/>\na raggiungere il periodo minimo di 50 mesi, calcolato a partire dal 1\u00b0 novembre dell\u2019anno di raccolta delle uve.<\/p>\n<p>Caratteristiche organolettiche: il colore \u00e8 rosso granato vivo,<br \/>\ncon sfumature porpora. Nel calice il profumo \u00e8 intenso, con aromi di rosa selvatica, di viola e frutta rossa matura accompagnati<br \/>\nda note speziate ed eteree. In bocca \u00e8 elegante, complesso,<br \/>\nricco di frutto, pieno, ed esprime tannini fitti e setosi, morbidi.<\/p>\n<p>Abbinamenti consigliati: ottimo con primi piatti ricchi e secondi importanti come carni rosse e brasati, selvaggina e formaggi stagionati.<\/p>\n<p>Temperatura di servizio suggerita: 18-20\u00b0C.<\/p>\n<p>&nbsp;<\/p>\n","protected":false},"excerpt":{"rendered":"<p>BARBARESCO RISERVA DOCG Le uve per la produzione del Barbaresco Riserva DOCG Cascina Bordino vengono raccolte negli omonimi appezzamenti di propriet\u00e0 situati sul versante orientale del Comune di Treiso. Sono appezzamenti tra i meglio esposti dell\u2019intero versante collinare, con forti pendenze e terreni di arenaria con inserzioni di marne siltose grigie, che rendono il suolo magro e compatto. I vigneti di Cascina Bordino possiedono pertanto una grande vocazione qualitativa, da cui derivano uve nebbiolo adatte a lunghe macerazioni. Ne deriva un vino che fa di intensit\u00e0 aromatica, eleganza e complessit\u00e0 i suoi caratteri distintivi, un Barbaresco che racchiude ed esprime la lunga storia e la passione dell\u2019azienda per i grandi vini a base nebbiolo. Vinificazione: la fermentazione, con macerazione a cappello sommerso, si protrae per 10-12 giorni alla temperatura di 28\u00b0C. Al termine il vino viene fatto affinare prima in tonneau di rovere e poi in botte grande per un minimo di 36 mesi. Segue l\u2019imbottigliamento e il conseguente affinamento fino a raggiungere il periodo minimo di 50 mesi, calcolato a partire dal 1\u00b0 novembre dell\u2019anno di raccolta delle uve. Caratteristiche organolettiche: il colore \u00e8 rosso granato vivo, con sfumature porpora. Nel calice il profumo \u00e8 intenso, con aromi di rosa selvatica, di viola e frutta rossa matura accompagnati da note speziate ed eteree. In bocca \u00e8 elegante, complesso, ricco di frutto, pieno, ed esprime tannini fitti e setosi, morbidi. Abbinamenti consigliati: ottimo con primi piatti ricchi e secondi importanti come carni rosse e brasati, selvaggina e formaggi stagionati. Temperatura di servizio suggerita: 18-20\u00b0C. &nbsp;<\/p>\n","protected":false},"featured_media":2203,"comment_status":"open","ping_status":"closed","template":"","meta":{"_acf_changed":false},"product_cat":[50,51],"product_tag":[72,53,54,73,71,70,56,55,57],"class_list":{"0":"post-2199","1":"product","2":"type-product","3":"status-publish","4":"has-post-thumbnail","6":"product_cat-vini","7":"product_cat-vini-rossi","8":"product_tag-barbaresco","9":"product_tag-langhe","10":"product_tag-nebbiolo","11":"product_tag-riserva","12":"product_tag-rossi","13":"product_tag-tenuta-carretta","14":"product_tag-vini","15":"product_tag-vino","16":"product_tag-wine","18":"first","19":"instock","20":"shipping-taxable","21":"purchasable","22":"product-type-simple"},"acf":[],"yoast_head":"<!-- This site is optimized with the Yoast SEO plugin v27.4 - https:\/\/yoast.com\/product\/yoast-seo-wordpress\/ -->\n<title>Barbaresco 2018 \u2013 Cascina Bordino \u2013 Riserva - Tenuta Carretta<\/title>\n<meta name=\"description\" content=\"Il Barbaresco Cascina Bordino 2018 di Tenuta Carretta \u00e8 un vino 100% Nebbiolo, coltivato in vigneti nel Comune di Treiso, appezzamenti tra i meglio esposti dell\u2019intero versante collinare.\" \/>\n<meta name=\"robots\" content=\"index, follow, max-snippet:-1, max-image-preview:large, max-video-preview:-1\" \/>\n<link rel=\"canonical\" href=\"https:\/\/villagarassino.com\/en\/product\/barbaresco-2018-cascina-bordino-riserva-tenuta-carretta\/\" \/>\n<meta property=\"og:locale\" content=\"en_US\" \/>\n<meta property=\"og:type\" content=\"article\" \/>\n<meta property=\"og:title\" content=\"Barbaresco 2018 \u2013 Cascina Bordino \u2013 Riserva - Tenuta Carretta\" \/>\n<meta property=\"og:description\" content=\"Il Barbaresco Cascina Bordino 2018 di Tenuta Carretta \u00e8 un vino 100% Nebbiolo, coltivato in vigneti nel Comune di Treiso, appezzamenti tra i meglio esposti dell\u2019intero versante collinare.\" \/>\n<meta property=\"og:url\" content=\"https:\/\/villagarassino.com\/en\/product\/barbaresco-2018-cascina-bordino-riserva-tenuta-carretta\/\" \/>\n<meta property=\"og:site_name\" content=\"Villa Garassino - Agriturismo &amp; Wine Shop\" \/>\n<meta property=\"article:publisher\" content=\"https:\/\/www.facebook.com\/villagarassino\" \/>\n<meta property=\"article:modified_time\" content=\"2024-03-07T17:34:32+00:00\" \/>\n<meta property=\"og:image\" content=\"https:\/\/villagarassino.com\/wp-content\/uploads\/2024\/03\/Bordino.jpeg\" \/>\n\t<meta property=\"og:image:width\" content=\"594\" \/>\n\t<meta property=\"og:image:height\" content=\"594\" \/>\n\t<meta property=\"og:image:type\" content=\"image\/jpeg\" \/>\n<meta name=\"twitter:card\" content=\"summary_large_image\" \/>\n<meta name=\"twitter:label1\" content=\"Est. reading time\" \/>\n\t<meta name=\"twitter:data1\" content=\"2 minutes\" \/>\n<script type=\"application\/ld+json\" class=\"yoast-schema-graph\">{\"@context\":\"https:\\\/\\\/schema.org\",\"@graph\":[{\"@type\":\"WebPage\",\"@id\":\"https:\\\/\\\/villagarassino.com\\\/en\\\/product\\\/barbaresco-2018-cascina-bordino-riserva-tenuta-carretta\\\/\",\"url\":\"https:\\\/\\\/villagarassino.com\\\/en\\\/product\\\/barbaresco-2018-cascina-bordino-riserva-tenuta-carretta\\\/\",\"name\":\"Barbaresco 2018 \u2013 Cascina Bordino \u2013 Riserva - Tenuta Carretta\",\"isPartOf\":{\"@id\":\"https:\\\/\\\/villagarassino.com\\\/en\\\/#website\"},\"primaryImageOfPage\":{\"@id\":\"https:\\\/\\\/villagarassino.com\\\/en\\\/product\\\/barbaresco-2018-cascina-bordino-riserva-tenuta-carretta\\\/#primaryimage\"},\"image\":{\"@id\":\"https:\\\/\\\/villagarassino.com\\\/en\\\/product\\\/barbaresco-2018-cascina-bordino-riserva-tenuta-carretta\\\/#primaryimage\"},\"thumbnailUrl\":\"https:\\\/\\\/villagarassino.com\\\/wp-content\\\/uploads\\\/2024\\\/03\\\/Bordino.jpeg\",\"datePublished\":\"2024-03-07T16:43:16+00:00\",\"dateModified\":\"2024-03-07T17:34:32+00:00\",\"description\":\"Il Barbaresco Cascina Bordino 2018 di Tenuta Carretta \u00e8 un vino 100% Nebbiolo, coltivato in vigneti nel Comune di Treiso, appezzamenti tra i meglio esposti dell\u2019intero versante collinare.\",\"breadcrumb\":{\"@id\":\"https:\\\/\\\/villagarassino.com\\\/en\\\/product\\\/barbaresco-2018-cascina-bordino-riserva-tenuta-carretta\\\/#breadcrumb\"},\"inLanguage\":\"en-US\",\"potentialAction\":[{\"@type\":\"ReadAction\",\"target\":[\"https:\\\/\\\/villagarassino.com\\\/en\\\/product\\\/barbaresco-2018-cascina-bordino-riserva-tenuta-carretta\\\/\"]}]},{\"@type\":\"ImageObject\",\"inLanguage\":\"en-US\",\"@id\":\"https:\\\/\\\/villagarassino.com\\\/en\\\/product\\\/barbaresco-2018-cascina-bordino-riserva-tenuta-carretta\\\/#primaryimage\",\"url\":\"https:\\\/\\\/villagarassino.com\\\/wp-content\\\/uploads\\\/2024\\\/03\\\/Bordino.jpeg\",\"contentUrl\":\"https:\\\/\\\/villagarassino.com\\\/wp-content\\\/uploads\\\/2024\\\/03\\\/Bordino.jpeg\",\"width\":594,\"height\":594},{\"@type\":\"BreadcrumbList\",\"@id\":\"https:\\\/\\\/villagarassino.com\\\/en\\\/product\\\/barbaresco-2018-cascina-bordino-riserva-tenuta-carretta\\\/#breadcrumb\",\"itemListElement\":[{\"@type\":\"ListItem\",\"position\":1,\"name\":\"Home\",\"item\":\"https:\\\/\\\/villagarassino.com\\\/en\\\/\"},{\"@type\":\"ListItem\",\"position\":2,\"name\":\"Shop\",\"item\":\"https:\\\/\\\/villagarassino.com\\\/en\\\/shop-3\\\/\"},{\"@type\":\"ListItem\",\"position\":3,\"name\":\"Barbaresco 2018 \u2013 Cascina Bordino \u2013 Riserva &#8211; Tenuta Carretta\"}]},{\"@type\":\"WebSite\",\"@id\":\"https:\\\/\\\/villagarassino.com\\\/en\\\/#website\",\"url\":\"https:\\\/\\\/villagarassino.com\\\/en\\\/\",\"name\":\"Villa Garassino - Agriturismo & Wine Shop\",\"description\":\"Country House in Langa\",\"publisher\":{\"@id\":\"https:\\\/\\\/villagarassino.com\\\/en\\\/#organization\"},\"potentialAction\":[{\"@type\":\"SearchAction\",\"target\":{\"@type\":\"EntryPoint\",\"urlTemplate\":\"https:\\\/\\\/villagarassino.com\\\/en\\\/?s={search_term_string}\"},\"query-input\":{\"@type\":\"PropertyValueSpecification\",\"valueRequired\":true,\"valueName\":\"search_term_string\"}}],\"inLanguage\":\"en-US\"},{\"@type\":\"Organization\",\"@id\":\"https:\\\/\\\/villagarassino.com\\\/en\\\/#organization\",\"name\":\"Villa Garassino - Agriturismo & Wine Shop\",\"url\":\"https:\\\/\\\/villagarassino.com\\\/en\\\/\",\"logo\":{\"@type\":\"ImageObject\",\"inLanguage\":\"en-US\",\"@id\":\"https:\\\/\\\/villagarassino.com\\\/en\\\/#\\\/schema\\\/logo\\\/image\\\/\",\"url\":\"https:\\\/\\\/villagarassino.com\\\/wp-content\\\/uploads\\\/2019\\\/12\\\/logo-villa-nuovosfondo.png\",\"contentUrl\":\"https:\\\/\\\/villagarassino.com\\\/wp-content\\\/uploads\\\/2019\\\/12\\\/logo-villa-nuovosfondo.png\",\"width\":1182,\"height\":679,\"caption\":\"Villa Garassino - Agriturismo & Wine Shop\"},\"image\":{\"@id\":\"https:\\\/\\\/villagarassino.com\\\/en\\\/#\\\/schema\\\/logo\\\/image\\\/\"},\"sameAs\":[\"https:\\\/\\\/www.facebook.com\\\/villagarassino\"]}]}<\/script>\n<!-- \/ Yoast SEO plugin. -->","yoast_head_json":{"title":"Barbaresco 2018 \u2013 Cascina Bordino \u2013 Riserva - Tenuta Carretta","description":"Il Barbaresco Cascina Bordino 2018 di Tenuta Carretta \u00e8 un vino 100% Nebbiolo, coltivato in vigneti nel Comune di Treiso, appezzamenti tra i meglio esposti dell\u2019intero versante collinare.","robots":{"index":"index","follow":"follow","max-snippet":"max-snippet:-1","max-image-preview":"max-image-preview:large","max-video-preview":"max-video-preview:-1"},"canonical":"https:\/\/villagarassino.com\/en\/product\/barbaresco-2018-cascina-bordino-riserva-tenuta-carretta\/","og_locale":"en_US","og_type":"article","og_title":"Barbaresco 2018 \u2013 Cascina Bordino \u2013 Riserva - Tenuta Carretta","og_description":"Il Barbaresco Cascina Bordino 2018 di Tenuta Carretta \u00e8 un vino 100% Nebbiolo, coltivato in vigneti nel Comune di Treiso, appezzamenti tra i meglio esposti dell\u2019intero versante collinare.","og_url":"https:\/\/villagarassino.com\/en\/product\/barbaresco-2018-cascina-bordino-riserva-tenuta-carretta\/","og_site_name":"Villa Garassino - Agriturismo &amp; Wine Shop","article_publisher":"https:\/\/www.facebook.com\/villagarassino","article_modified_time":"2024-03-07T17:34:32+00:00","og_image":[{"width":594,"height":594,"url":"https:\/\/villagarassino.com\/wp-content\/uploads\/2024\/03\/Bordino.jpeg","type":"image\/jpeg"}],"twitter_card":"summary_large_image","twitter_misc":{"Est. reading time":"2 minutes"},"schema":{"@context":"https:\/\/schema.org","@graph":[{"@type":"WebPage","@id":"https:\/\/villagarassino.com\/en\/product\/barbaresco-2018-cascina-bordino-riserva-tenuta-carretta\/","url":"https:\/\/villagarassino.com\/en\/product\/barbaresco-2018-cascina-bordino-riserva-tenuta-carretta\/","name":"Barbaresco 2018 \u2013 Cascina Bordino \u2013 Riserva - Tenuta Carretta","isPartOf":{"@id":"https:\/\/villagarassino.com\/en\/#website"},"primaryImageOfPage":{"@id":"https:\/\/villagarassino.com\/en\/product\/barbaresco-2018-cascina-bordino-riserva-tenuta-carretta\/#primaryimage"},"image":{"@id":"https:\/\/villagarassino.com\/en\/product\/barbaresco-2018-cascina-bordino-riserva-tenuta-carretta\/#primaryimage"},"thumbnailUrl":"https:\/\/villagarassino.com\/wp-content\/uploads\/2024\/03\/Bordino.jpeg","datePublished":"2024-03-07T16:43:16+00:00","dateModified":"2024-03-07T17:34:32+00:00","description":"Il Barbaresco Cascina Bordino 2018 di Tenuta Carretta \u00e8 un vino 100% Nebbiolo, coltivato in vigneti nel Comune di Treiso, appezzamenti tra i meglio esposti dell\u2019intero versante collinare.","breadcrumb":{"@id":"https:\/\/villagarassino.com\/en\/product\/barbaresco-2018-cascina-bordino-riserva-tenuta-carretta\/#breadcrumb"},"inLanguage":"en-US","potentialAction":[{"@type":"ReadAction","target":["https:\/\/villagarassino.com\/en\/product\/barbaresco-2018-cascina-bordino-riserva-tenuta-carretta\/"]}]},{"@type":"ImageObject","inLanguage":"en-US","@id":"https:\/\/villagarassino.com\/en\/product\/barbaresco-2018-cascina-bordino-riserva-tenuta-carretta\/#primaryimage","url":"https:\/\/villagarassino.com\/wp-content\/uploads\/2024\/03\/Bordino.jpeg","contentUrl":"https:\/\/villagarassino.com\/wp-content\/uploads\/2024\/03\/Bordino.jpeg","width":594,"height":594},{"@type":"BreadcrumbList","@id":"https:\/\/villagarassino.com\/en\/product\/barbaresco-2018-cascina-bordino-riserva-tenuta-carretta\/#breadcrumb","itemListElement":[{"@type":"ListItem","position":1,"name":"Home","item":"https:\/\/villagarassino.com\/en\/"},{"@type":"ListItem","position":2,"name":"Shop","item":"https:\/\/villagarassino.com\/en\/shop-3\/"},{"@type":"ListItem","position":3,"name":"Barbaresco 2018 \u2013 Cascina Bordino \u2013 Riserva &#8211; Tenuta Carretta"}]},{"@type":"WebSite","@id":"https:\/\/villagarassino.com\/en\/#website","url":"https:\/\/villagarassino.com\/en\/","name":"Villa Garassino - Agriturismo & Wine Shop","description":"Country House in Langa","publisher":{"@id":"https:\/\/villagarassino.com\/en\/#organization"},"potentialAction":[{"@type":"SearchAction","target":{"@type":"EntryPoint","urlTemplate":"https:\/\/villagarassino.com\/en\/?s={search_term_string}"},"query-input":{"@type":"PropertyValueSpecification","valueRequired":true,"valueName":"search_term_string"}}],"inLanguage":"en-US"},{"@type":"Organization","@id":"https:\/\/villagarassino.com\/en\/#organization","name":"Villa Garassino - Agriturismo & Wine Shop","url":"https:\/\/villagarassino.com\/en\/","logo":{"@type":"ImageObject","inLanguage":"en-US","@id":"https:\/\/villagarassino.com\/en\/#\/schema\/logo\/image\/","url":"https:\/\/villagarassino.com\/wp-content\/uploads\/2019\/12\/logo-villa-nuovosfondo.png","contentUrl":"https:\/\/villagarassino.com\/wp-content\/uploads\/2019\/12\/logo-villa-nuovosfondo.png","width":1182,"height":679,"caption":"Villa Garassino - Agriturismo & Wine Shop"},"image":{"@id":"https:\/\/villagarassino.com\/en\/#\/schema\/logo\/image\/"},"sameAs":["https:\/\/www.facebook.com\/villagarassino"]}]}},"_links":{"self":[{"href":"https:\/\/villagarassino.com\/en\/wp-json\/wp\/v2\/product\/2199","targetHints":{"allow":["GET"]}}],"collection":[{"href":"https:\/\/villagarassino.com\/en\/wp-json\/wp\/v2\/product"}],"about":[{"href":"https:\/\/villagarassino.com\/en\/wp-json\/wp\/v2\/types\/product"}],"replies":[{"embeddable":true,"href":"https:\/\/villagarassino.com\/en\/wp-json\/wp\/v2\/comments?post=2199"}],"wp:featuredmedia":[{"embeddable":true,"href":"https:\/\/villagarassino.com\/en\/wp-json\/wp\/v2\/media\/2203"}],"wp:attachment":[{"href":"https:\/\/villagarassino.com\/en\/wp-json\/wp\/v2\/media?parent=2199"}],"wp:term":[{"taxonomy":"product_cat","embeddable":true,"href":"https:\/\/villagarassino.com\/en\/wp-json\/wp\/v2\/product_cat?post=2199"},{"taxonomy":"product_tag","embeddable":true,"href":"https:\/\/villagarassino.com\/en\/wp-json\/wp\/v2\/product_tag?post=2199"}],"curies":[{"name":"wp","href":"https:\/\/api.w.org\/{rel}","templated":true}]}}